{"id":2254,"date":"2025-11-20T17:52:38","date_gmt":"2025-11-20T17:52:38","guid":{"rendered":"https:\/\/valedovez.pt\/?page_id=2254"},"modified":"2026-04-16T15:50:47","modified_gmt":"2026-04-16T15:50:47","slug":"politique-de-confidentialite","status":"publish","type":"page","link":"https:\/\/valedovez.pt\/fr\/politique-de-confidentialite\/","title":{"rendered":"Pol\u00edtica de Privacidade"},"content":{"rendered":"<div data-elementor-type=\"wp-page\" data-elementor-id=\"2254\" class=\"elementor elementor-2254\" data-elementor-post-type=\"page\">\n\t\t\t\t<div class=\"elementor-element elementor-element-f135631 e-con-full e-flex e-con e-parent\" data-id=\"f135631\" data-element_type=\"container\" data-settings=\"{&quot;background_background&quot;:&quot;classic&quot;}\">\n\t\t<div class=\"elementor-element elementor-element-25665b8 e-con-full e-flex e-con e-child\" data-id=\"25665b8\" data-element_type=\"container\">\n\t\t\t\t<div class=\"elementor-element elementor-element-057c0cd elementor-widget elementor-widget-heading\" data-id=\"057c0cd\" data-element_type=\"widget\" data-widget_type=\"heading.default\">\n\t\t\t\t\t<h1 class=\"elementor-heading-title elementor-size-default\">Politique de confidentialit\u00e9<\/h1>\t\t\t\t<\/div>\n\t\t\t\t<\/div>\n\t\t\t\t<\/div>\n\t\t<div class=\"elementor-element elementor-element-665bf65 e-con-full e-flex e-con e-parent\" data-id=\"665bf65\" data-element_type=\"container\">\n\t\t<div class=\"elementor-element elementor-element-53df274 e-flex e-con-boxed e-con e-child\" data-id=\"53df274\" data-element_type=\"container\">\n\t\t\t\t\t<div class=\"e-con-inner\">\n\t\t\t\t<div class=\"elementor-element elementor-element-9553134 elementor-widget elementor-widget-heading\" data-id=\"9553134\" data-element_type=\"widget\" data-widget_type=\"heading.default\">\n\t\t\t\t\t<h2 class=\"elementor-heading-title elementor-size-default\">Informations collect\u00e9es<\/h2>\t\t\t\t<\/div>\n\t\t\t\t<div class=\"elementor-element elementor-element-98cde4b elementor-widget elementor-widget-text-editor\" data-id=\"98cde4b\" data-element_type=\"widget\" data-widget_type=\"text-editor.default\">\n\t\t\t\t\t\t\t\t\t<p>Nous recueillons des informations personnelles que vous nous fournissez directement, telles que<\/p><ul><li>Nom<\/li><li>Adresse \u00e9lectronique<\/li><li>Informations relatives au paiement (trait\u00e9es par des services tiers tels que Stripe et PayPal)<\/li><li>D\u00e9tails de la r\u00e9servation (dates, type d'unit\u00e9, etc.)<\/li><\/ul><p>En outre, nous pouvons collecter automatiquement des donn\u00e9es telles que des informations de navigation (adresse IP, type d'appareil, syst\u00e8me d'exploitation, etc.) par le biais de cookies et de technologies similaires.<\/p>\t\t\t\t\t\t\t\t<\/div>\n\t\t\t\t\t<\/div>\n\t\t\t\t<\/div>\n\t\t<div class=\"elementor-element elementor-element-e8fda3c e-flex e-con-boxed e-con e-child\" data-id=\"e8fda3c\" data-element_type=\"container\">\n\t\t\t\t\t<div class=\"e-con-inner\">\n\t\t\t\t<div class=\"elementor-element elementor-element-ec2c7f3 elementor-widget elementor-widget-heading\" data-id=\"ec2c7f3\" data-element_type=\"widget\" data-widget_type=\"heading.default\">\n\t\t\t\t\t<h2 class=\"elementor-heading-title elementor-size-default\">Comment nous utilisons vos informations<\/h2>\t\t\t\t<\/div>\n\t\t\t\t<div class=\"elementor-element elementor-element-ddec2bb elementor-widget elementor-widget-text-editor\" data-id=\"ddec2bb\" data-element_type=\"widget\" data-widget_type=\"text-editor.default\">\n\t\t\t\t\t\t\t\t\t<p>Nous utilisons vos informations pour :<\/p><ul><li>Traitement et confirmation des r\u00e9servations<\/li><li>G\u00e9rez votre s\u00e9jour<\/li><li>Am\u00e9liorer nos services et l'exp\u00e9rience des clients<\/li><li>Envoyer des communications concernant les r\u00e9servations, les promotions et les mises \u00e0 jour<\/li><li>Respecter les obligations l\u00e9gales<\/li><\/ul>\t\t\t\t\t\t\t\t<\/div>\n\t\t\t\t\t<\/div>\n\t\t\t\t<\/div>\n\t\t<div class=\"elementor-element elementor-element-b83f6b1 e-flex e-con-boxed e-con e-child\" data-id=\"b83f6b1\" data-element_type=\"container\">\n\t\t\t\t\t<div class=\"e-con-inner\">\n\t\t\t\t<div class=\"elementor-element elementor-element-0f5c54d elementor-widget elementor-widget-heading\" data-id=\"0f5c54d\" data-element_type=\"widget\" data-widget_type=\"heading.default\">\n\t\t\t\t\t<h2 class=\"elementor-heading-title elementor-size-default\">Partage des donn\u00e9es<\/h2>\t\t\t\t<\/div>\n\t\t\t\t<div class=\"elementor-element elementor-element-ae33723 elementor-widget elementor-widget-text-editor\" data-id=\"ae33723\" data-element_type=\"widget\" data-widget_type=\"text-editor.default\">\n\t\t\t\t\t\t\t\t\t<p>Nous ne vendons pas vos informations personnelles. Nous pouvons partager vos informations avec<\/p><ul><li>les prestataires de services (par exemple, les syst\u00e8mes de paiement, les services d'h\u00e9bergement) qui nous aident \u00e0 exploiter notre site web et \u00e0 fournir des services.<\/li><li>Les autorit\u00e9s l\u00e9gales, si n\u00e9cessaire, pour se conformer \u00e0 la loi.<\/li><\/ul>\t\t\t\t\t\t\t\t<\/div>\n\t\t\t\t\t<\/div>\n\t\t\t\t<\/div>\n\t\t<div class=\"elementor-element elementor-element-b435b62 e-flex e-con-boxed e-con e-child\" data-id=\"b435b62\" data-element_type=\"container\">\n\t\t\t\t\t<div class=\"e-con-inner\">\n\t\t\t\t<div class=\"elementor-element elementor-element-2794647 elementor-widget elementor-widget-heading\" data-id=\"2794647\" data-element_type=\"widget\" data-widget_type=\"heading.default\">\n\t\t\t\t\t<h2 class=\"elementor-heading-title elementor-size-default\">S\u00e9curit\u00e9 des donn\u00e9es<\/h2>\t\t\t\t<\/div>\n\t\t\t\t<div class=\"elementor-element elementor-element-897d983 elementor-widget elementor-widget-text-editor\" data-id=\"897d983\" data-element_type=\"widget\" data-widget_type=\"text-editor.default\">\n\t\t\t\t\t\t\t\t\t<p>Nous avons mis en place des mesures de s\u00e9curit\u00e9 appropri\u00e9es pour prot\u00e9ger vos informations personnelles contre tout acc\u00e8s, modification, divulgation ou destruction non autoris\u00e9s.<\/p>\t\t\t\t\t\t\t\t<\/div>\n\t\t\t\t\t<\/div>\n\t\t\t\t<\/div>\n\t\t<div class=\"elementor-element elementor-element-db63b0e e-flex e-con-boxed e-con e-child\" data-id=\"db63b0e\" data-element_type=\"container\">\n\t\t\t\t\t<div class=\"e-con-inner\">\n\t\t\t\t<div class=\"elementor-element elementor-element-6691566 elementor-widget elementor-widget-heading\" data-id=\"6691566\" data-element_type=\"widget\" data-widget_type=\"heading.default\">\n\t\t\t\t\t<h2 class=\"elementor-heading-title elementor-size-default\">Droits de l'utilisateur<\/h2>\t\t\t\t<\/div>\n\t\t\t\t<div class=\"elementor-element elementor-element-8af1066 elementor-widget elementor-widget-text-editor\" data-id=\"8af1066\" data-element_type=\"widget\" data-widget_type=\"text-editor.default\">\n\t\t\t\t\t\t\t\t\t<p>L'utilisateur a le droit de :<\/p><ul><li>Acc\u00e8s \u00e0 vos donn\u00e9es personnelles<\/li><li>Demander la correction d'informations inexactes<\/li><li>demander la suppression de vos donn\u00e9es personnelles, sous r\u00e9serve de certaines exceptions<\/li><li>Retirer votre consentement \u00e0 l'utilisation des donn\u00e9es, le cas \u00e9ch\u00e9ant<\/li><\/ul><p>Pour exercer ces droits, veuillez nous contacter en utilisant les informations fournies ci-dessous.<\/p>\t\t\t\t\t\t\t\t<\/div>\n\t\t\t\t\t<\/div>\n\t\t\t\t<\/div>\n\t\t<div class=\"elementor-element elementor-element-f7c7aa3 e-flex e-con-boxed e-con e-child\" data-id=\"f7c7aa3\" data-element_type=\"container\">\n\t\t\t\t\t<div class=\"e-con-inner\">\n\t\t\t\t<div class=\"elementor-element elementor-element-48a22a6 elementor-widget elementor-widget-heading\" data-id=\"48a22a6\" data-element_type=\"widget\" data-widget_type=\"heading.default\">\n\t\t\t\t\t<h2 class=\"elementor-heading-title elementor-size-default\">Cookies<\/h2>\t\t\t\t<\/div>\n\t\t\t\t<div class=\"elementor-element elementor-element-28b4512 elementor-widget elementor-widget-text-editor\" data-id=\"28b4512\" data-element_type=\"widget\" data-widget_type=\"text-editor.default\">\n\t\t\t\t\t\t\t\t\t<p>Nous utilisons des cookies pour am\u00e9liorer l'exp\u00e9rience de l'utilisateur sur notre site web. Vous pouvez r\u00e9gler les param\u00e8tres de votre navigateur pour refuser les cookies, mais cela peut affecter votre exp\u00e9rience de navigation.<\/p>\t\t\t\t\t\t\t\t<\/div>\n\t\t\t\t\t<\/div>\n\t\t\t\t<\/div>\n\t\t<div class=\"elementor-element elementor-element-439ba64 e-flex e-con-boxed e-con e-child\" data-id=\"439ba64\" data-element_type=\"container\">\n\t\t\t\t\t<div class=\"e-con-inner\">\n\t\t\t\t<div class=\"elementor-element elementor-element-67a76e1 elementor-widget elementor-widget-heading\" data-id=\"67a76e1\" data-element_type=\"widget\" data-widget_type=\"heading.default\">\n\t\t\t\t\t<h2 class=\"elementor-heading-title elementor-size-default\">Modifications de cette politique<\/h2>\t\t\t\t<\/div>\n\t\t\t\t<div class=\"elementor-element elementor-element-22bfe00 elementor-widget elementor-widget-text-editor\" data-id=\"22bfe00\" data-element_type=\"widget\" data-widget_type=\"text-editor.default\">\n\t\t\t\t\t\t\t\t\t<p>Nous pouvons mettre \u00e0 jour la pr\u00e9sente politique de confidentialit\u00e9 de temps \u00e0 autre. Nous vous informerons des changements importants sur notre site web ou par courrier \u00e9lectronique.<\/p>\t\t\t\t\t\t\t\t<\/div>\n\t\t\t\t\t<\/div>\n\t\t\t\t<\/div>\n\t\t<div class=\"elementor-element elementor-element-417f220 e-flex e-con-boxed e-con e-child\" data-id=\"417f220\" data-element_type=\"container\">\n\t\t\t\t\t<div class=\"e-con-inner\">\n\t\t\t\t<div class=\"elementor-element elementor-element-62041e0 elementor-widget elementor-widget-heading\" data-id=\"62041e0\" data-element_type=\"widget\" data-widget_type=\"heading.default\">\n\t\t\t\t\t<h2 class=\"elementor-heading-title elementor-size-default\">Qu'est-ce qu'un biscuit ?<\/h2>\t\t\t\t<\/div>\n\t\t\t\t<div class=\"elementor-element elementor-element-705b92f elementor-widget elementor-widget-text-editor\" data-id=\"705b92f\" data-element_type=\"widget\" data-widget_type=\"text-editor.default\">\n\t\t\t\t\t\t\t\t\t<p>Les cookies sont de petits fichiers texte qui sont stock\u00e9s sur votre appareil (ordinateur, tablette, smartphone) lorsque vous visitez un site web. Ils permettent au site web de reconna\u00eetre votre appareil et d'am\u00e9liorer votre exp\u00e9rience de navigation<\/p>\t\t\t\t\t\t\t\t<\/div>\n\t\t\t\t\t<\/div>\n\t\t\t\t<\/div>\n\t\t<div class=\"elementor-element elementor-element-3c2b140 e-flex e-con-boxed e-con e-child\" data-id=\"3c2b140\" data-element_type=\"container\">\n\t\t\t\t\t<div class=\"e-con-inner\">\n\t\t\t\t<div class=\"elementor-element elementor-element-a0d7a7d elementor-widget elementor-widget-heading\" data-id=\"a0d7a7d\" data-element_type=\"widget\" data-widget_type=\"heading.default\">\n\t\t\t\t\t<h2 class=\"elementor-heading-title elementor-size-default\">Types de cookies utilis\u00e9s<\/h2>\t\t\t\t<\/div>\n\t\t\t\t<div class=\"elementor-element elementor-element-347eb35 elementor-widget elementor-widget-text-editor\" data-id=\"347eb35\" data-element_type=\"widget\" data-widget_type=\"text-editor.default\">\n\t\t\t\t\t\t\t\t\t<p>Nous utilisons les types de cookies suivants :<\/p><ul><li><strong>Cookies n\u00e9cessaires :<\/strong>\u00a0Indispensable au fonctionnement du site web, vous permettant de naviguer et d'utiliser ses fonctionnalit\u00e9s.<\/li><li><strong>Cookies de performance :<\/strong>\u00a0Ils recueillent des informations sur la mani\u00e8re dont les visiteurs utilisent le site web, ce qui nous aide \u00e0 comprendre quelles parties sont les plus populaires et \u00e0 am\u00e9liorer notre contenu.<\/li><li><strong>Cookies fonctionnels :<\/strong>\u00a0Ils permettent au site web de se souvenir des pr\u00e9f\u00e9rences de l'utilisateur et de personnaliser son exp\u00e9rience.<\/li><li><strong>Cookies publicitaires :<\/strong>\u00a0Utilis\u00e9 pour afficher des publicit\u00e9s pertinentes en fonction des int\u00e9r\u00eats de l'utilisateur et pour mesurer l'efficacit\u00e9 des campagnes publicitaires.<\/li><\/ul>\t\t\t\t\t\t\t\t<\/div>\n\t\t\t\t\t<\/div>\n\t\t\t\t<\/div>\n\t\t<div class=\"elementor-element elementor-element-1127b50 e-flex e-con-boxed e-con e-child\" data-id=\"1127b50\" data-element_type=\"container\">\n\t\t\t\t\t<div class=\"e-con-inner\">\n\t\t\t\t<div class=\"elementor-element elementor-element-d3bbfbe elementor-widget elementor-widget-heading\" data-id=\"d3bbfbe\" data-element_type=\"widget\" data-widget_type=\"heading.default\">\n\t\t\t\t\t<h2 class=\"elementor-heading-title elementor-size-default\">Cookies de tiers<\/h2>\t\t\t\t<\/div>\n\t\t\t\t<div class=\"elementor-element elementor-element-548bb32 elementor-widget elementor-widget-text-editor\" data-id=\"548bb32\" data-element_type=\"widget\" data-widget_type=\"text-editor.default\">\n\t\t\t\t\t\t\t\t\t<p>Outre les cookies que nous utilisons, des tiers (tels que des services d'analyse et de publicit\u00e9) peuvent \u00e9galement placer des cookies sur votre appareil. Nous ne contr\u00f4lons pas ces cookies, vous devez donc consulter les politiques de confidentialit\u00e9 des tiers pour plus d'informations.<\/p>\t\t\t\t\t\t\t\t<\/div>\n\t\t\t\t\t<\/div>\n\t\t\t\t<\/div>\n\t\t<div class=\"elementor-element elementor-element-5da91db e-flex e-con-boxed e-con e-child\" data-id=\"5da91db\" data-element_type=\"container\">\n\t\t\t\t\t<div class=\"e-con-inner\">\n\t\t\t\t<div class=\"elementor-element elementor-element-1d53c42 elementor-widget elementor-widget-heading\" data-id=\"1d53c42\" data-element_type=\"widget\" data-widget_type=\"heading.default\">\n\t\t\t\t\t<h2 class=\"elementor-heading-title elementor-size-default\">Gestion des cookies<\/h2>\t\t\t\t<\/div>\n\t\t\t\t<div class=\"elementor-element elementor-element-6989405 elementor-widget elementor-widget-text-editor\" data-id=\"6989405\" data-element_type=\"widget\" data-widget_type=\"text-editor.default\">\n\t\t\t\t\t\t\t\t\t<p>Vous pouvez contr\u00f4ler et g\u00e9rer les cookies de diff\u00e9rentes mani\u00e8res :<\/p><ul><li><strong>Param\u00e8tres du navigateur :<\/strong>\u00a0La plupart des navigateurs vous permettent de refuser les cookies ou de supprimer ceux qui ont d\u00e9j\u00e0 \u00e9t\u00e9 enregistr\u00e9s. Consultez le menu d'aide de votre navigateur pour plus d'informations.<\/li><li><strong>Option de suppression des cookies :<\/strong>\u00a0Vous pouvez refuser les cookies publicitaires en utilisant les outils d'opt-out disponibles sur les sites web publicitaires.<\/li><\/ul>\t\t\t\t\t\t\t\t<\/div>\n\t\t\t\t\t<\/div>\n\t\t\t\t<\/div>\n\t\t<div class=\"elementor-element elementor-element-111802c e-flex e-con-boxed e-con e-child\" data-id=\"111802c\" data-element_type=\"container\">\n\t\t\t\t\t<div class=\"e-con-inner\">\n\t\t\t\t<div class=\"elementor-element elementor-element-34598e9 elementor-widget elementor-widget-heading\" data-id=\"34598e9\" data-element_type=\"widget\" data-widget_type=\"heading.default\">\n\t\t\t\t\t<h2 class=\"elementor-heading-title elementor-size-default\">Modifications de la pr\u00e9sente politique en mati\u00e8re de cookies<\/h2>\t\t\t\t<\/div>\n\t\t\t\t<div class=\"elementor-element elementor-element-0fd55c5 elementor-widget elementor-widget-text-editor\" data-id=\"0fd55c5\" data-element_type=\"widget\" data-widget_type=\"text-editor.default\">\n\t\t\t\t\t\t\t\t\t<p>Nous pouvons mettre \u00e0 jour la pr\u00e9sente politique en mati\u00e8re de cookies de temps \u00e0 autre. Nous vous informerons de toute modification en publiant la nouvelle politique sur notre site web. Nous vous recommandons de consulter r\u00e9guli\u00e8rement cette politique afin de rester inform\u00e9 de la mani\u00e8re dont nous utilisons les cookies.<\/p>\t\t\t\t\t\t\t\t<\/div>\n\t\t\t\t\t<\/div>\n\t\t\t\t<\/div>\n\t\t<div class=\"elementor-element elementor-element-2c6a942 e-flex e-con-boxed e-con e-child\" data-id=\"2c6a942\" data-element_type=\"container\">\n\t\t\t\t\t<div class=\"e-con-inner\">\n\t\t\t\t<div class=\"elementor-element elementor-element-b223b92 elementor-widget elementor-widget-heading\" data-id=\"b223b92\" data-element_type=\"widget\" data-widget_type=\"heading.default\">\n\t\t\t\t\t<h2 class=\"elementor-heading-title elementor-size-default\">Contact<\/h2>\t\t\t\t<\/div>\n\t\t\t\t<div class=\"elementor-element elementor-element-4249afb elementor-widget elementor-widget-text-editor\" data-id=\"4249afb\" data-element_type=\"widget\" data-widget_type=\"text-editor.default\">\n\t\t\t\t\t\t\t\t\t<p>Si vous avez des questions concernant cette politique en mati\u00e8re de cookies, veuillez nous contacter :<\/p>\n<ul>\n<li><strong>Courriel :<\/strong> reservas@valedovez.pt<\/li>\n<li><strong>T\u00e9l\u00e9phone :<\/strong> (+351) 96 778 49 49 \/ (+351) 91 473 23 81<\/li>\n<li><strong>Adresse :<\/strong> Centre d'h\u00e9bergement - R. Conselheiro Pedro Brito 65, 4970-445, Arcos de Valdevez&nbsp;<\/li>\n<\/ul>\t\t\t\t\t\t\t\t<\/div>\n\t\t\t\t\t<\/div>\n\t\t\t\t<\/div>\n\t\t\t\t<\/div>\n\t\t\t\t<\/div>","protected":false},"excerpt":{"rendered":"<p>Pol\u00edtica de privacidade Informa\u00e7\u00f5es que recolhemos Recolhemos informa\u00e7\u00f5es pessoais que o utilizador nos fornece diretamente, tais como: Nome Endere\u00e7o de correio eletr\u00f3nico Informa\u00e7\u00f5es de pagamento (processadas atrav\u00e9s de servi\u00e7os de terceiros, como Stripe e PayPal) Detalhes da reserva (datas, tipo de unidade, etc.) Al\u00e9m disso, podemos recolher automaticamente dados como informa\u00e7\u00f5es de navega\u00e7\u00e3o (endere\u00e7o IP, [&hellip;]<\/p>","protected":false},"author":1,"featured_media":0,"parent":0,"menu_order":0,"comment_status":"closed","ping_status":"closed","template":"","meta":{"footnotes":""},"class_list":["post-2254","page","type-page","status-publish","hentry"],"_links":{"self":[{"href":"https:\/\/valedovez.pt\/fr\/wp-json\/wp\/v2\/pages\/2254","targetHints":{"allow":["GET"]}}],"collection":[{"href":"https:\/\/valedovez.pt\/fr\/wp-json\/wp\/v2\/pages"}],"about":[{"href":"https:\/\/valedovez.pt\/fr\/wp-json\/wp\/v2\/types\/page"}],"author":[{"embeddable":true,"href":"https:\/\/valedovez.pt\/fr\/wp-json\/wp\/v2\/users\/1"}],"replies":[{"embeddable":true,"href":"https:\/\/valedovez.pt\/fr\/wp-json\/wp\/v2\/comments?post=2254"}],"version-history":[{"count":6,"href":"https:\/\/valedovez.pt\/fr\/wp-json\/wp\/v2\/pages\/2254\/revisions"}],"predecessor-version":[{"id":3220,"href":"https:\/\/valedovez.pt\/fr\/wp-json\/wp\/v2\/pages\/2254\/revisions\/3220"}],"wp:attachment":[{"href":"https:\/\/valedovez.pt\/fr\/wp-json\/wp\/v2\/media?parent=2254"}],"curies":[{"name":"wp","href":"https:\/\/api.w.org\/{rel}","templated":true}]}}