{"id":2254,"date":"2025-11-20T17:52:38","date_gmt":"2025-11-20T17:52:38","guid":{"rendered":"https:\/\/valedovez.pt\/?page_id=2254"},"modified":"2026-04-16T15:50:47","modified_gmt":"2026-04-16T15:50:47","slug":"politica-de-privacidad","status":"publish","type":"page","link":"https:\/\/valedovez.pt\/es\/politica-de-privacidad\/","title":{"rendered":"Pol\u00edtica de Privacidade"},"content":{"rendered":"<div data-elementor-type=\"wp-page\" data-elementor-id=\"2254\" class=\"elementor elementor-2254\" data-elementor-post-type=\"page\">\n\t\t\t\t<div class=\"elementor-element elementor-element-f135631 e-con-full e-flex e-con e-parent\" data-id=\"f135631\" data-element_type=\"container\" data-settings=\"{&quot;background_background&quot;:&quot;classic&quot;}\">\n\t\t<div class=\"elementor-element elementor-element-25665b8 e-con-full e-flex e-con e-child\" data-id=\"25665b8\" data-element_type=\"container\">\n\t\t\t\t<div class=\"elementor-element elementor-element-057c0cd elementor-widget elementor-widget-heading\" data-id=\"057c0cd\" data-element_type=\"widget\" data-widget_type=\"heading.default\">\n\t\t\t\t\t<h1 class=\"elementor-heading-title elementor-size-default\">Pol\u00edtica de privacidad<\/h1>\t\t\t\t<\/div>\n\t\t\t\t<\/div>\n\t\t\t\t<\/div>\n\t\t<div class=\"elementor-element elementor-element-665bf65 e-con-full e-flex e-con e-parent\" data-id=\"665bf65\" data-element_type=\"container\">\n\t\t<div class=\"elementor-element elementor-element-53df274 e-flex e-con-boxed e-con e-child\" data-id=\"53df274\" data-element_type=\"container\">\n\t\t\t\t\t<div class=\"e-con-inner\">\n\t\t\t\t<div class=\"elementor-element elementor-element-9553134 elementor-widget elementor-widget-heading\" data-id=\"9553134\" data-element_type=\"widget\" data-widget_type=\"heading.default\">\n\t\t\t\t\t<h2 class=\"elementor-heading-title elementor-size-default\">Informaci\u00f3n que recopilamos<\/h2>\t\t\t\t<\/div>\n\t\t\t\t<div class=\"elementor-element elementor-element-98cde4b elementor-widget elementor-widget-text-editor\" data-id=\"98cde4b\" data-element_type=\"widget\" data-widget_type=\"text-editor.default\">\n\t\t\t\t\t\t\t\t\t<p>Recopilamos informaci\u00f3n personal que usted nos proporciona directamente, como por ejemplo<\/p><ul><li>Nombre<\/li><li>Direcci\u00f3n de correo electr\u00f3nico<\/li><li>Informaci\u00f3n de pago (procesada a trav\u00e9s de servicios de terceros como Stripe y PayPal)<\/li><li>Detalles de la reserva (fechas, tipo de unidad, etc.)<\/li><\/ul><p>Adem\u00e1s, podemos recopilar autom\u00e1ticamente datos como informaci\u00f3n de navegaci\u00f3n (direcci\u00f3n IP, tipo de dispositivo, sistema operativo, etc.) a trav\u00e9s de cookies y tecnolog\u00edas similares.<\/p>\t\t\t\t\t\t\t\t<\/div>\n\t\t\t\t\t<\/div>\n\t\t\t\t<\/div>\n\t\t<div class=\"elementor-element elementor-element-e8fda3c e-flex e-con-boxed e-con e-child\" data-id=\"e8fda3c\" data-element_type=\"container\">\n\t\t\t\t\t<div class=\"e-con-inner\">\n\t\t\t\t<div class=\"elementor-element elementor-element-ec2c7f3 elementor-widget elementor-widget-heading\" data-id=\"ec2c7f3\" data-element_type=\"widget\" data-widget_type=\"heading.default\">\n\t\t\t\t\t<h2 class=\"elementor-heading-title elementor-size-default\">C\u00f3mo utilizamos su informaci\u00f3n<\/h2>\t\t\t\t<\/div>\n\t\t\t\t<div class=\"elementor-element elementor-element-ddec2bb elementor-widget elementor-widget-text-editor\" data-id=\"ddec2bb\" data-element_type=\"widget\" data-widget_type=\"text-editor.default\">\n\t\t\t\t\t\t\t\t\t<p>Utilizamos su informaci\u00f3n para:<\/p><ul><li>Tramitaci\u00f3n y confirmaci\u00f3n de reservas<\/li><li>Gestione su estancia<\/li><li>Mejorar nuestros servicios y la experiencia del cliente<\/li><li>Enviar comunicaciones sobre reservas, promociones y actualizaciones<\/li><li>Cumplir las obligaciones legales<\/li><\/ul>\t\t\t\t\t\t\t\t<\/div>\n\t\t\t\t\t<\/div>\n\t\t\t\t<\/div>\n\t\t<div class=\"elementor-element elementor-element-b83f6b1 e-flex e-con-boxed e-con e-child\" data-id=\"b83f6b1\" data-element_type=\"container\">\n\t\t\t\t\t<div class=\"e-con-inner\">\n\t\t\t\t<div class=\"elementor-element elementor-element-0f5c54d elementor-widget elementor-widget-heading\" data-id=\"0f5c54d\" data-element_type=\"widget\" data-widget_type=\"heading.default\">\n\t\t\t\t\t<h2 class=\"elementor-heading-title elementor-size-default\">Intercambio de datos<\/h2>\t\t\t\t<\/div>\n\t\t\t\t<div class=\"elementor-element elementor-element-ae33723 elementor-widget elementor-widget-text-editor\" data-id=\"ae33723\" data-element_type=\"widget\" data-widget_type=\"text-editor.default\">\n\t\t\t\t\t\t\t\t\t<p>No vendemos su informaci\u00f3n personal. Podemos compartir su informaci\u00f3n con:<\/p><ul><li>Proveedores de servicios (por ejemplo, sistemas de pago, servicios de alojamiento) que nos ayudan a gestionar nuestro sitio web y a prestar servicios.<\/li><li>Autoridades judiciales, si es necesario, para cumplir la ley.<\/li><\/ul>\t\t\t\t\t\t\t\t<\/div>\n\t\t\t\t\t<\/div>\n\t\t\t\t<\/div>\n\t\t<div class=\"elementor-element elementor-element-b435b62 e-flex e-con-boxed e-con e-child\" data-id=\"b435b62\" data-element_type=\"container\">\n\t\t\t\t\t<div class=\"e-con-inner\">\n\t\t\t\t<div class=\"elementor-element elementor-element-2794647 elementor-widget elementor-widget-heading\" data-id=\"2794647\" data-element_type=\"widget\" data-widget_type=\"heading.default\">\n\t\t\t\t\t<h2 class=\"elementor-heading-title elementor-size-default\">Seguridad de los datos<\/h2>\t\t\t\t<\/div>\n\t\t\t\t<div class=\"elementor-element elementor-element-897d983 elementor-widget elementor-widget-text-editor\" data-id=\"897d983\" data-element_type=\"widget\" data-widget_type=\"text-editor.default\">\n\t\t\t\t\t\t\t\t\t<p>Hemos implantado medidas de seguridad adecuadas para proteger sus datos personales contra el acceso, la alteraci\u00f3n, la divulgaci\u00f3n o la destrucci\u00f3n no autorizados.<\/p>\t\t\t\t\t\t\t\t<\/div>\n\t\t\t\t\t<\/div>\n\t\t\t\t<\/div>\n\t\t<div class=\"elementor-element elementor-element-db63b0e e-flex e-con-boxed e-con e-child\" data-id=\"db63b0e\" data-element_type=\"container\">\n\t\t\t\t\t<div class=\"e-con-inner\">\n\t\t\t\t<div class=\"elementor-element elementor-element-6691566 elementor-widget elementor-widget-heading\" data-id=\"6691566\" data-element_type=\"widget\" data-widget_type=\"heading.default\">\n\t\t\t\t\t<h2 class=\"elementor-heading-title elementor-size-default\">Derechos de los usuarios<\/h2>\t\t\t\t<\/div>\n\t\t\t\t<div class=\"elementor-element elementor-element-8af1066 elementor-widget elementor-widget-text-editor\" data-id=\"8af1066\" data-element_type=\"widget\" data-widget_type=\"text-editor.default\">\n\t\t\t\t\t\t\t\t\t<p>El usuario tiene derecho a:<\/p><ul><li>Acceso a su informaci\u00f3n personal<\/li><li>Solicitar la correcci\u00f3n de informaci\u00f3n inexacta<\/li><li>Solicitar la supresi\u00f3n de sus datos personales, con algunas excepciones<\/li><li>Retirar su consentimiento para el uso de los datos, cuando proceda<\/li><\/ul><p>Para ejercer estos derechos, p\u00f3ngase en contacto con nosotros utilizando la informaci\u00f3n que se facilita a continuaci\u00f3n.<\/p>\t\t\t\t\t\t\t\t<\/div>\n\t\t\t\t\t<\/div>\n\t\t\t\t<\/div>\n\t\t<div class=\"elementor-element elementor-element-f7c7aa3 e-flex e-con-boxed e-con e-child\" data-id=\"f7c7aa3\" data-element_type=\"container\">\n\t\t\t\t\t<div class=\"e-con-inner\">\n\t\t\t\t<div class=\"elementor-element elementor-element-48a22a6 elementor-widget elementor-widget-heading\" data-id=\"48a22a6\" data-element_type=\"widget\" data-widget_type=\"heading.default\">\n\t\t\t\t\t<h2 class=\"elementor-heading-title elementor-size-default\">Cookies<\/h2>\t\t\t\t<\/div>\n\t\t\t\t<div class=\"elementor-element elementor-element-28b4512 elementor-widget elementor-widget-text-editor\" data-id=\"28b4512\" data-element_type=\"widget\" data-widget_type=\"text-editor.default\">\n\t\t\t\t\t\t\t\t\t<p>Utilizamos cookies para mejorar la experiencia del usuario en nuestro sitio web. Puede ajustar la configuraci\u00f3n de su navegador para rechazar las cookies, pero esto puede afectar a su experiencia de navegaci\u00f3n.<\/p>\t\t\t\t\t\t\t\t<\/div>\n\t\t\t\t\t<\/div>\n\t\t\t\t<\/div>\n\t\t<div class=\"elementor-element elementor-element-439ba64 e-flex e-con-boxed e-con e-child\" data-id=\"439ba64\" data-element_type=\"container\">\n\t\t\t\t\t<div class=\"e-con-inner\">\n\t\t\t\t<div class=\"elementor-element elementor-element-67a76e1 elementor-widget elementor-widget-heading\" data-id=\"67a76e1\" data-element_type=\"widget\" data-widget_type=\"heading.default\">\n\t\t\t\t\t<h2 class=\"elementor-heading-title elementor-size-default\">Cambios en esta pol\u00edtica<\/h2>\t\t\t\t<\/div>\n\t\t\t\t<div class=\"elementor-element elementor-element-22bfe00 elementor-widget elementor-widget-text-editor\" data-id=\"22bfe00\" data-element_type=\"widget\" data-widget_type=\"text-editor.default\">\n\t\t\t\t\t\t\t\t\t<p>Podemos actualizar esta Pol\u00edtica de Privacidad de vez en cuando. Le notificaremos los cambios significativos a trav\u00e9s de nuestro sitio web o por correo electr\u00f3nico.<\/p>\t\t\t\t\t\t\t\t<\/div>\n\t\t\t\t\t<\/div>\n\t\t\t\t<\/div>\n\t\t<div class=\"elementor-element elementor-element-417f220 e-flex e-con-boxed e-con e-child\" data-id=\"417f220\" data-element_type=\"container\">\n\t\t\t\t\t<div class=\"e-con-inner\">\n\t\t\t\t<div class=\"elementor-element elementor-element-62041e0 elementor-widget elementor-widget-heading\" data-id=\"62041e0\" data-element_type=\"widget\" data-widget_type=\"heading.default\">\n\t\t\t\t\t<h2 class=\"elementor-heading-title elementor-size-default\">\u00bfQu\u00e9 son las cookies?<\/h2>\t\t\t\t<\/div>\n\t\t\t\t<div class=\"elementor-element elementor-element-705b92f elementor-widget elementor-widget-text-editor\" data-id=\"705b92f\" data-element_type=\"widget\" data-widget_type=\"text-editor.default\">\n\t\t\t\t\t\t\t\t\t<p>Las cookies son peque\u00f1os archivos de texto que se almacenan en su dispositivo (ordenador, tableta, tel\u00e9fono inteligente) cuando visita un sitio web. Ayudan al sitio web a reconocer su dispositivo y mejorar su experiencia de navegaci\u00f3n.<\/p>\t\t\t\t\t\t\t\t<\/div>\n\t\t\t\t\t<\/div>\n\t\t\t\t<\/div>\n\t\t<div class=\"elementor-element elementor-element-3c2b140 e-flex e-con-boxed e-con e-child\" data-id=\"3c2b140\" data-element_type=\"container\">\n\t\t\t\t\t<div class=\"e-con-inner\">\n\t\t\t\t<div class=\"elementor-element elementor-element-a0d7a7d elementor-widget elementor-widget-heading\" data-id=\"a0d7a7d\" data-element_type=\"widget\" data-widget_type=\"heading.default\">\n\t\t\t\t\t<h2 class=\"elementor-heading-title elementor-size-default\">Tipos de cookies utilizadas<\/h2>\t\t\t\t<\/div>\n\t\t\t\t<div class=\"elementor-element elementor-element-347eb35 elementor-widget elementor-widget-text-editor\" data-id=\"347eb35\" data-element_type=\"widget\" data-widget_type=\"text-editor.default\">\n\t\t\t\t\t\t\t\t\t<p>Utilizamos los siguientes tipos de cookies:<\/p><ul><li><strong>Cookies necesarias:<\/strong>\u00a0Esencial para el funcionamiento del sitio web, permiti\u00e9ndole navegar y utilizar sus funcionalidades.<\/li><li><strong>Cookies de rendimiento:<\/strong>\u00a0Recopilan informaci\u00f3n sobre c\u00f3mo los visitantes utilizan el sitio web, lo que nos ayuda a comprender qu\u00e9 partes son m\u00e1s populares y a mejorar nuestro contenido.<\/li><li><strong>Cookies funcionales:<\/strong>\u00a0Permiten al sitio web recordar las preferencias del usuario y personalizar su experiencia.<\/li><li><strong>Cookies publicitarias:<\/strong>\u00a0Se utiliza para mostrar anuncios relevantes en funci\u00f3n de los intereses del usuario y medir la eficacia de las campa\u00f1as publicitarias.<\/li><\/ul>\t\t\t\t\t\t\t\t<\/div>\n\t\t\t\t\t<\/div>\n\t\t\t\t<\/div>\n\t\t<div class=\"elementor-element elementor-element-1127b50 e-flex e-con-boxed e-con e-child\" data-id=\"1127b50\" data-element_type=\"container\">\n\t\t\t\t\t<div class=\"e-con-inner\">\n\t\t\t\t<div class=\"elementor-element elementor-element-d3bbfbe elementor-widget elementor-widget-heading\" data-id=\"d3bbfbe\" data-element_type=\"widget\" data-widget_type=\"heading.default\">\n\t\t\t\t\t<h2 class=\"elementor-heading-title elementor-size-default\">Cookies de terceros<\/h2>\t\t\t\t<\/div>\n\t\t\t\t<div class=\"elementor-element elementor-element-548bb32 elementor-widget elementor-widget-text-editor\" data-id=\"548bb32\" data-element_type=\"widget\" data-widget_type=\"text-editor.default\">\n\t\t\t\t\t\t\t\t\t<p>Adem\u00e1s de las cookies que utilizamos, terceros (como servicios de an\u00e1lisis y publicidad) tambi\u00e9n pueden colocar cookies en su dispositivo. Nosotros no controlamos estas cookies, por lo que debe consultar las pol\u00edticas de privacidad de los terceros para obtener m\u00e1s informaci\u00f3n.<\/p>\t\t\t\t\t\t\t\t<\/div>\n\t\t\t\t\t<\/div>\n\t\t\t\t<\/div>\n\t\t<div class=\"elementor-element elementor-element-5da91db e-flex e-con-boxed e-con e-child\" data-id=\"5da91db\" data-element_type=\"container\">\n\t\t\t\t\t<div class=\"e-con-inner\">\n\t\t\t\t<div class=\"elementor-element elementor-element-1d53c42 elementor-widget elementor-widget-heading\" data-id=\"1d53c42\" data-element_type=\"widget\" data-widget_type=\"heading.default\">\n\t\t\t\t\t<h2 class=\"elementor-heading-title elementor-size-default\">Gesti\u00f3n de cookies<\/h2>\t\t\t\t<\/div>\n\t\t\t\t<div class=\"elementor-element elementor-element-6989405 elementor-widget elementor-widget-text-editor\" data-id=\"6989405\" data-element_type=\"widget\" data-widget_type=\"text-editor.default\">\n\t\t\t\t\t\t\t\t\t<p>Puede controlar y gestionar las cookies de varias maneras:<\/p><ul><li><strong>Configuraci\u00f3n del navegador:<\/strong>\u00a0La mayor\u00eda de los navegadores permiten rechazar las cookies o eliminar las que ya se han almacenado. Consulte el men\u00fa de ayuda de su navegador para obtener m\u00e1s informaci\u00f3n.<\/li><li><strong>Opci\u00f3n de eliminar las cookies:<\/strong>\u00a0Puede rechazar las cookies publicitarias utilizando las herramientas de exclusi\u00f3n disponibles en los sitios web publicitarios.<\/li><\/ul>\t\t\t\t\t\t\t\t<\/div>\n\t\t\t\t\t<\/div>\n\t\t\t\t<\/div>\n\t\t<div class=\"elementor-element elementor-element-111802c e-flex e-con-boxed e-con e-child\" data-id=\"111802c\" data-element_type=\"container\">\n\t\t\t\t\t<div class=\"e-con-inner\">\n\t\t\t\t<div class=\"elementor-element elementor-element-34598e9 elementor-widget elementor-widget-heading\" data-id=\"34598e9\" data-element_type=\"widget\" data-widget_type=\"heading.default\">\n\t\t\t\t\t<h2 class=\"elementor-heading-title elementor-size-default\">Cambios en esta pol\u00edtica de cookies<\/h2>\t\t\t\t<\/div>\n\t\t\t\t<div class=\"elementor-element elementor-element-0fd55c5 elementor-widget elementor-widget-text-editor\" data-id=\"0fd55c5\" data-element_type=\"widget\" data-widget_type=\"text-editor.default\">\n\t\t\t\t\t\t\t\t\t<p>Podemos actualizar esta Pol\u00edtica de Cookies de vez en cuando. Le notificaremos cualquier cambio publicando la nueva pol\u00edtica en nuestro sitio web. Le recomendamos que revise esta pol\u00edtica peri\u00f3dicamente para mantenerse informado sobre c\u00f3mo utilizamos las cookies.<\/p>\t\t\t\t\t\t\t\t<\/div>\n\t\t\t\t\t<\/div>\n\t\t\t\t<\/div>\n\t\t<div class=\"elementor-element elementor-element-2c6a942 e-flex e-con-boxed e-con e-child\" data-id=\"2c6a942\" data-element_type=\"container\">\n\t\t\t\t\t<div class=\"e-con-inner\">\n\t\t\t\t<div class=\"elementor-element elementor-element-b223b92 elementor-widget elementor-widget-heading\" data-id=\"b223b92\" data-element_type=\"widget\" data-widget_type=\"heading.default\">\n\t\t\t\t\t<h2 class=\"elementor-heading-title elementor-size-default\">P\u00f3ngase en contacto con<\/h2>\t\t\t\t<\/div>\n\t\t\t\t<div class=\"elementor-element elementor-element-4249afb elementor-widget elementor-widget-text-editor\" data-id=\"4249afb\" data-element_type=\"widget\" data-widget_type=\"text-editor.default\">\n\t\t\t\t\t\t\t\t\t<p>Si tiene alguna pregunta sobre esta Pol\u00edtica de Cookies, p\u00f3ngase en contacto con nosotros:<\/p>\n<ul>\n<li><strong>Correo electr\u00f3nico:<\/strong> reservas@valedovez.pt<\/li>\n<li><strong>Tel\u00e9fono:<\/strong> (+351) 96 778 49 49 \/ (+351) 91 473 23 81<\/li>\n<li><strong>Direcci\u00f3n:<\/strong> Piso Centro - R. Conselheiro Pedro Brito 65, 4970-445, Arcos de Valdevez&nbsp;<\/li>\n<\/ul>\t\t\t\t\t\t\t\t<\/div>\n\t\t\t\t\t<\/div>\n\t\t\t\t<\/div>\n\t\t\t\t<\/div>\n\t\t\t\t<\/div>","protected":false},"excerpt":{"rendered":"<p>Pol\u00edtica de privacidade Informa\u00e7\u00f5es que recolhemos Recolhemos informa\u00e7\u00f5es pessoais que o utilizador nos fornece diretamente, tais como: Nome Endere\u00e7o de correio eletr\u00f3nico Informa\u00e7\u00f5es de pagamento (processadas atrav\u00e9s de servi\u00e7os de terceiros, como Stripe e PayPal) Detalhes da reserva (datas, tipo de unidade, etc.) Al\u00e9m disso, podemos recolher automaticamente dados como informa\u00e7\u00f5es de navega\u00e7\u00e3o (endere\u00e7o IP, [&hellip;]<\/p>","protected":false},"author":1,"featured_media":0,"parent":0,"menu_order":0,"comment_status":"closed","ping_status":"closed","template":"","meta":{"footnotes":""},"class_list":["post-2254","page","type-page","status-publish","hentry"],"_links":{"self":[{"href":"https:\/\/valedovez.pt\/es\/wp-json\/wp\/v2\/pages\/2254","targetHints":{"allow":["GET"]}}],"collection":[{"href":"https:\/\/valedovez.pt\/es\/wp-json\/wp\/v2\/pages"}],"about":[{"href":"https:\/\/valedovez.pt\/es\/wp-json\/wp\/v2\/types\/page"}],"author":[{"embeddable":true,"href":"https:\/\/valedovez.pt\/es\/wp-json\/wp\/v2\/users\/1"}],"replies":[{"embeddable":true,"href":"https:\/\/valedovez.pt\/es\/wp-json\/wp\/v2\/comments?post=2254"}],"version-history":[{"count":6,"href":"https:\/\/valedovez.pt\/es\/wp-json\/wp\/v2\/pages\/2254\/revisions"}],"predecessor-version":[{"id":3220,"href":"https:\/\/valedovez.pt\/es\/wp-json\/wp\/v2\/pages\/2254\/revisions\/3220"}],"wp:attachment":[{"href":"https:\/\/valedovez.pt\/es\/wp-json\/wp\/v2\/media?parent=2254"}],"curies":[{"name":"wp","href":"https:\/\/api.w.org\/{rel}","templated":true}]}}