{"id":801,"date":"2025-11-12T16:53:58","date_gmt":"2025-11-12T16:53:58","guid":{"rendered":"https:\/\/valedovez.pt\/?page_id=801"},"modified":"2025-12-05T15:35:32","modified_gmt":"2025-12-05T15:35:32","slug":"history","status":"publish","type":"page","link":"https:\/\/valedovez.pt\/en\/history\/","title":{"rendered":"History"},"content":{"rendered":"<div data-elementor-type=\"wp-page\" data-elementor-id=\"801\" class=\"elementor elementor-801\" data-elementor-post-type=\"page\">\n\t\t\t\t<div class=\"elementor-element elementor-element-9567a8c e-con-full e-flex e-con e-parent\" data-id=\"9567a8c\" data-element_type=\"container\" data-settings=\"{&quot;background_background&quot;:&quot;classic&quot;}\">\n\t\t<div class=\"elementor-element elementor-element-50e4854 e-con-full e-flex e-con e-child\" data-id=\"50e4854\" data-element_type=\"container\">\n\t\t\t\t<div class=\"elementor-element elementor-element-2ddc5d0 elementor-widget elementor-widget-heading\" data-id=\"2ddc5d0\" data-element_type=\"widget\" data-widget_type=\"heading.default\">\n\t\t\t\t\t<h4 class=\"elementor-heading-title elementor-size-default\">Get to know our <\/h4>\t\t\t\t<\/div>\n\t\t\t\t<div class=\"elementor-element elementor-element-9c27428 elementor-widget-mobile__width-auto elementor-widget elementor-widget-heading\" data-id=\"9c27428\" data-element_type=\"widget\" data-widget_type=\"heading.default\">\n\t\t\t\t\t<h1 class=\"elementor-heading-title elementor-size-default\">History<\/h1>\t\t\t\t<\/div>\n\t\t\t\t<\/div>\n\t\t\t\t<\/div>\n\t\t<div class=\"elementor-element elementor-element-c3d00c8 e-con-full e-flex e-con e-parent\" data-id=\"c3d00c8\" data-element_type=\"container\">\n\t\t<div class=\"elementor-element elementor-element-f26e967 animated-slow e-con-full e-flex elementor-invisible e-con e-child\" data-id=\"f26e967\" data-element_type=\"container\" data-settings=\"{&quot;animation&quot;:&quot;fadeIn&quot;}\">\n\t\t\t\t<div class=\"elementor-element elementor-element-21658c2 elementor-widget elementor-widget-heading\" data-id=\"21658c2\" data-element_type=\"widget\" data-widget_type=\"heading.default\">\n\t\t\t\t\t<p class=\"elementor-heading-title elementor-size-default\">HOW THE VEZ VALLEY WAS BORN<\/p>\t\t\t\t<\/div>\n\t\t\t\t<div class=\"elementor-element elementor-element-be2ff6d elementor-widget__width-initial elementor-widget-mobile__width-inherit elementor-widget elementor-widget-heading\" data-id=\"be2ff6d\" data-element_type=\"widget\" data-widget_type=\"heading.default\">\n\t\t\t\t\t<h2 class=\"elementor-heading-title elementor-size-default\">Two family homes transformed into peaceful stays.<\/h2>\t\t\t\t<\/div>\n\t\t\t\t<\/div>\n\t\t\t\t<\/div>\n\t\t<div class=\"elementor-element elementor-element-8b24121 e-con-full e-flex e-con e-parent\" data-id=\"8b24121\" data-element_type=\"container\">\n\t\t<div class=\"elementor-element elementor-element-5f24b89 e-grid e-con-full e-con e-child\" data-id=\"5f24b89\" data-element_type=\"container\">\n\t\t<div class=\"elementor-element elementor-element-f452464 e-con-full animated-slow e-flex elementor-invisible e-con e-child\" data-id=\"f452464\" data-element_type=\"container\" data-settings=\"{&quot;animation&quot;:&quot;fadeIn&quot;}\">\n\t\t\t\t<div class=\"elementor-element elementor-element-858a47b elementor-widget elementor-widget-image\" data-id=\"858a47b\" data-element_type=\"widget\" data-widget_type=\"image.default\">\n\t\t\t\t\t\t\t\t\t\t\t\t\t\t\t<img loading=\"lazy\" decoding=\"async\" width=\"768\" height=\"512\" src=\"https:\/\/valedovez.pt\/wp-content\/uploads\/2025\/11\/Arcos-de-Valdevez-high-res-281-768x512.jpg\" class=\"attachment-medium_large size-medium_large wp-image-2357\" alt=\"\" srcset=\"https:\/\/valedovez.pt\/wp-content\/uploads\/2025\/11\/Arcos-de-Valdevez-high-res-281-768x512.jpg 768w, https:\/\/valedovez.pt\/wp-content\/uploads\/2025\/11\/Arcos-de-Valdevez-high-res-281-300x200.jpg 300w, https:\/\/valedovez.pt\/wp-content\/uploads\/2025\/11\/Arcos-de-Valdevez-high-res-281-1024x683.jpg 1024w, https:\/\/valedovez.pt\/wp-content\/uploads\/2025\/11\/Arcos-de-Valdevez-high-res-281.jpg 1200w\" sizes=\"auto, (max-width: 768px) 100vw, 768px\" \/>\t\t\t\t\t\t\t\t\t\t\t\t\t\t\t<\/div>\n\t\t\t\t<\/div>\n\t\t<div class=\"elementor-element elementor-element-174dbeb e-con-full animated-slow e-flex elementor-invisible e-con e-child\" data-id=\"174dbeb\" data-element_type=\"container\" data-settings=\"{&quot;animation&quot;:&quot;fadeIn&quot;}\">\n\t\t\t\t<div class=\"elementor-element elementor-element-5301778 elementor-widget elementor-widget-image\" data-id=\"5301778\" data-element_type=\"widget\" data-widget_type=\"image.default\">\n\t\t\t\t\t\t\t\t\t\t\t\t\t\t\t<img loading=\"lazy\" decoding=\"async\" width=\"768\" height=\"512\" src=\"https:\/\/valedovez.pt\/wp-content\/uploads\/2025\/11\/Arcos-de-Valdevez-high-res-062-768x512.jpg\" class=\"attachment-medium_large size-medium_large wp-image-2328\" alt=\"\" srcset=\"https:\/\/valedovez.pt\/wp-content\/uploads\/2025\/11\/Arcos-de-Valdevez-high-res-062-768x512.jpg 768w, https:\/\/valedovez.pt\/wp-content\/uploads\/2025\/11\/Arcos-de-Valdevez-high-res-062-300x200.jpg 300w, https:\/\/valedovez.pt\/wp-content\/uploads\/2025\/11\/Arcos-de-Valdevez-high-res-062-1024x683.jpg 1024w, https:\/\/valedovez.pt\/wp-content\/uploads\/2025\/11\/Arcos-de-Valdevez-high-res-062-1536x1024.jpg 1536w, https:\/\/valedovez.pt\/wp-content\/uploads\/2025\/11\/Arcos-de-Valdevez-high-res-062-2048x1365.jpg 2048w\" sizes=\"auto, (max-width: 768px) 100vw, 768px\" \/>\t\t\t\t\t\t\t\t\t\t\t\t\t\t\t<\/div>\n\t\t\t\t<div class=\"elementor-element elementor-element-94ae1e7 elementor-widget__width-initial elementor-widget elementor-widget-text-editor\" data-id=\"94ae1e7\" data-element_type=\"widget\" data-widget_type=\"text-editor.default\">\n\t\t\t\t\t\t\t\t\t<p data-start=\"1960\" data-end=\"2113\">Vale do Vez was born out of the desire to breathe new life into two houses in Arcos de Valdevez: an apartment in the historic center and a villa in the upper part of the town.<\/p><p data-start=\"1960\" data-end=\"2113\">\u00a0<\/p><p data-start=\"2115\" data-end=\"2402\">Instead of anonymous apartments, we wanted to create spaces where those who come to work, visit family or simply rest feel like they are in a real home, with a traditional atmosphere and all the essentials taken care of professionally.<\/p>\t\t\t\t\t\t\t\t<\/div>\n\t\t\t\t<\/div>\n\t\t\t\t<\/div>\n\t\t\t\t<\/div>\n\t\t<div class=\"elementor-element elementor-element-e7e8c23 e-con-full e-flex e-con e-parent\" data-id=\"e7e8c23\" data-element_type=\"container\">\n\t\t<div class=\"elementor-element elementor-element-384bcf1 e-con-full e-flex elementor-invisible e-con e-child\" data-id=\"384bcf1\" data-element_type=\"container\" data-settings=\"{&quot;animation&quot;:&quot;fadeIn&quot;}\">\n\t\t\t\t<div class=\"elementor-element elementor-element-3de6fdc elementor-widget elementor-widget-heading\" data-id=\"3de6fdc\" data-element_type=\"widget\" data-widget_type=\"heading.default\">\n\t\t\t\t\t<span class=\"elementor-heading-title elementor-size-default\">WHAT YOU CAN EXPECT<\/span>\t\t\t\t<\/div>\n\t\t\t\t<div class=\"elementor-element elementor-element-a3c7e14 elementor-widget__width-initial elementor-widget-mobile__width-inherit elementor-widget elementor-widget-heading\" data-id=\"a3c7e14\" data-element_type=\"widget\" data-widget_type=\"heading.default\">\n\t\t\t\t\t<h2 class=\"elementor-heading-title elementor-size-default\">Real homes, honest stays.<\/h2>\t\t\t\t<\/div>\n\t\t\t\t<\/div>\n\t\t<div class=\"elementor-element elementor-element-639fdde3 e-con-full e-flex e-con e-child\" data-id=\"639fdde3\" data-element_type=\"container\">\n\t\t\t\t<div class=\"elementor-element elementor-element-7ead99f0 mycarousel201 elementor-widget__width-inherit elementor-arrows-position-inside elementor-widget elementor-widget-n-carousel\" data-id=\"7ead99f0\" data-element_type=\"widget\" data-settings=\"{&quot;carousel_items&quot;:[{&quot;slide_title&quot;:&quot;Slide #1&quot;,&quot;_id&quot;:&quot;d321a37&quot;},{&quot;slide_title&quot;:&quot;Slide #2&quot;,&quot;_id&quot;:&quot;caff2cc&quot;},{&quot;slide_title&quot;:&quot;Slide #3&quot;,&quot;_id&quot;:&quot;f02f1ab&quot;},{&quot;slide_title&quot;:&quot;Slide #4&quot;,&quot;_id&quot;:&quot;4fb1e32&quot;},{&quot;slide_title&quot;:&quot;Slide #5&quot;,&quot;_id&quot;:&quot;f82d4e7&quot;},{&quot;slide_title&quot;:&quot;Slide #6&quot;,&quot;_id&quot;:&quot;f258fde&quot;}],&quot;slides_to_show&quot;:&quot;5&quot;,&quot;slides_to_scroll&quot;:&quot;1&quot;,&quot;image_spacing_custom&quot;:{&quot;unit&quot;:&quot;px&quot;,&quot;size&quot;:20,&quot;sizes&quot;:[]},&quot;slides_to_show_tablet&quot;:&quot;3&quot;,&quot;slides_to_show_mobile&quot;:&quot;2&quot;,&quot;autoplay_speed&quot;:4000,&quot;autoplay&quot;:&quot;yes&quot;,&quot;pause_on_hover&quot;:&quot;yes&quot;,&quot;pause_on_interaction&quot;:&quot;yes&quot;,&quot;speed&quot;:500,&quot;arrows&quot;:&quot;yes&quot;,&quot;image_spacing_custom_tablet&quot;:{&quot;unit&quot;:&quot;px&quot;,&quot;size&quot;:&quot;&quot;,&quot;sizes&quot;:[]},&quot;image_spacing_custom_mobile&quot;:{&quot;unit&quot;:&quot;px&quot;,&quot;size&quot;:&quot;&quot;,&quot;sizes&quot;:[]}}\" data-widget_type=\"nested-carousel.default\">\n\t\t\t\t\t\t\t<div class=\"e-n-carousel swiper\" role=\"region\" aria-roledescription=\"carousel\" aria-label=\"Carousel\" dir=\"ltr\">\r\n\t\t\t<div class=\"swiper-wrapper\" aria-live=\"off\">\r\n\t\t\t\t\t\t\t\t\t\t<div class=\"swiper-slide\" data-slide=\"1\" role=\"group\" aria-roledescription=\"slide\" aria-label=\"1 of 6\">\r\n\t\t\t\t\t\t\t<div class=\"elementor-element elementor-element-18bad6f6 e-con-full e-flex e-con e-child\" data-id=\"18bad6f6\" data-element_type=\"container\">\n\t\t\t\t<div class=\"elementor-element elementor-element-180f69f2 elementor-widget elementor-widget-image\" data-id=\"180f69f2\" data-element_type=\"widget\" data-widget_type=\"image.default\">\n\t\t\t\t\t\t\t\t\t\t\t\t\t\t\t\t<a href=\"https:\/\/valedovez.pt\/wp-content\/uploads\/2025\/11\/Arcos-de-Valdevez-high-res-34-scaled.jpg\" data-elementor-open-lightbox=\"yes\" data-elementor-lightbox-title=\"Arcos de Valdevez\" data-e-action-hash=\"#elementor-action%3Aaction%3Dlightbox%26settings%3DeyJpZCI6MjM3MywidXJsIjoiaHR0cHM6XC9cL3ZhbGVkb3Zlei5wdFwvd3AtY29udGVudFwvdXBsb2Fkc1wvMjAyNVwvMTFcL0FyY29zLWRlLVZhbGRldmV6LWhpZ2gtcmVzLTM0LXNjYWxlZC5qcGcifQ%3D%3D\">\n\t\t\t\t\t\t\t<img decoding=\"async\" src=\"https:\/\/valedovez.pt\/wp-content\/uploads\/elementor\/thumbs\/Arcos-de-Valdevez-high-res-34-scaled-rfa7wwvjy0saj3rpaifbk11c05b436ommrlz0j97gw.jpg\" title=\"Arcos de Valdevez\" alt=\"Arcos de Valdevez\" loading=\"lazy\" \/>\t\t\t\t\t\t\t\t<\/a>\n\t\t\t\t\t\t\t\t\t\t\t\t\t\t\t<\/div>\n\t\t\t\t<\/div>\n\t\t\t\t\t\t\t\t<\/div>\r\n\t\t\t\t\t\t\t\t\t\t\t<div class=\"swiper-slide\" data-slide=\"2\" role=\"group\" aria-roledescription=\"slide\" aria-label=\"2 of 6\">\r\n\t\t\t\t\t\t\t<div class=\"elementor-element elementor-element-32d347e2 e-con-full e-flex e-con e-child\" data-id=\"32d347e2\" data-element_type=\"container\">\n\t\t\t\t<div class=\"elementor-element elementor-element-25e9f072 elementor-widget elementor-widget-image\" data-id=\"25e9f072\" data-element_type=\"widget\" data-widget_type=\"image.default\">\n\t\t\t\t\t\t\t\t\t\t\t\t\t\t\t\t<a href=\"https:\/\/valedovez.pt\/wp-content\/uploads\/2025\/11\/Arcos-de-Valdevez-high-res-242.jpg\" data-elementor-open-lightbox=\"yes\" data-elementor-lightbox-title=\"Arcos de Valdevez (high res) - 24(2)\" data-e-action-hash=\"#elementor-action%3Aaction%3Dlightbox%26settings%3DeyJpZCI6MjM2MywidXJsIjoiaHR0cHM6XC9cL3ZhbGVkb3Zlei5wdFwvd3AtY29udGVudFwvdXBsb2Fkc1wvMjAyNVwvMTFcL0FyY29zLWRlLVZhbGRldmV6LWhpZ2gtcmVzLTI0Mi5qcGcifQ%3D%3D\">\n\t\t\t\t\t\t\t<img decoding=\"async\" src=\"https:\/\/valedovez.pt\/wp-content\/uploads\/elementor\/thumbs\/Arcos-de-Valdevez-high-res-242-rfa7pjt2eqs9w165yp8tof3eepum5zc8lr47tat3fc.jpg\" title=\"Arcos de Valdevez (high res) - 24(2)\" alt=\"Arcos de Valdevez (high res) - 24(2)\" loading=\"lazy\" \/>\t\t\t\t\t\t\t\t<\/a>\n\t\t\t\t\t\t\t\t\t\t\t\t\t\t\t<\/div>\n\t\t\t\t<\/div>\n\t\t\t\t\t\t\t\t<\/div>\r\n\t\t\t\t\t\t\t\t\t\t\t<div class=\"swiper-slide\" data-slide=\"3\" role=\"group\" aria-roledescription=\"slide\" aria-label=\"3 of 6\">\r\n\t\t\t\t\t\t\t<div class=\"elementor-element elementor-element-5febb7fb e-con-full e-flex e-con e-child\" data-id=\"5febb7fb\" data-element_type=\"container\">\n\t\t\t\t<div class=\"elementor-element elementor-element-703505ea elementor-widget elementor-widget-image\" data-id=\"703505ea\" data-element_type=\"widget\" data-widget_type=\"image.default\">\n\t\t\t\t\t\t\t\t\t\t\t\t\t\t\t\t<a href=\"https:\/\/valedovez.pt\/wp-content\/uploads\/2025\/11\/Arcos-de-Valdevez-high-res-501.jpg\" data-elementor-open-lightbox=\"yes\" data-elementor-lightbox-title=\"Arcos de Valdevez (high res) - 50(1)\" data-e-action-hash=\"#elementor-action%3Aaction%3Dlightbox%26settings%3DeyJpZCI6MjM2OSwidXJsIjoiaHR0cHM6XC9cL3ZhbGVkb3Zlei5wdFwvd3AtY29udGVudFwvdXBsb2Fkc1wvMjAyNVwvMTFcL0FyY29zLWRlLVZhbGRldmV6LWhpZ2gtcmVzLTUwMS5qcGcifQ%3D%3D\">\n\t\t\t\t\t\t\t<img loading=\"lazy\" decoding=\"async\" width=\"768\" height=\"512\" src=\"https:\/\/valedovez.pt\/wp-content\/uploads\/2025\/11\/Arcos-de-Valdevez-high-res-501-768x512.jpg\" class=\"attachment-medium_large size-medium_large wp-image-2369\" alt=\"\" srcset=\"https:\/\/valedovez.pt\/wp-content\/uploads\/2025\/11\/Arcos-de-Valdevez-high-res-501-768x512.jpg 768w, https:\/\/valedovez.pt\/wp-content\/uploads\/2025\/11\/Arcos-de-Valdevez-high-res-501-300x200.jpg 300w, https:\/\/valedovez.pt\/wp-content\/uploads\/2025\/11\/Arcos-de-Valdevez-high-res-501.jpg 1000w\" sizes=\"auto, (max-width: 768px) 100vw, 768px\" \/>\t\t\t\t\t\t\t\t<\/a>\n\t\t\t\t\t\t\t\t\t\t\t\t\t\t\t<\/div>\n\t\t\t\t<\/div>\n\t\t\t\t\t\t\t\t<\/div>\r\n\t\t\t\t\t\t\t\t\t\t\t<div class=\"swiper-slide\" data-slide=\"4\" role=\"group\" aria-roledescription=\"slide\" aria-label=\"4 of 6\">\r\n\t\t\t\t\t\t\t<div class=\"elementor-element elementor-element-4f1fc81 e-con-full e-flex e-con e-child\" data-id=\"4f1fc81\" data-element_type=\"container\">\n\t\t\t\t<div class=\"elementor-element elementor-element-70d6068f elementor-widget elementor-widget-image\" data-id=\"70d6068f\" data-element_type=\"widget\" data-widget_type=\"image.default\">\n\t\t\t\t\t\t\t\t\t\t\t\t\t\t\t\t<a href=\"https:\/\/valedovez.pt\/wp-content\/uploads\/2025\/11\/Arcos-de-Valdevez-high-res-171.jpg\" data-elementor-open-lightbox=\"yes\" data-elementor-lightbox-title=\"Arcos de Valdevez (high res) - 17(1)\" data-e-action-hash=\"#elementor-action%3Aaction%3Dlightbox%26settings%3DeyJpZCI6MjM2NSwidXJsIjoiaHR0cHM6XC9cL3ZhbGVkb3Zlei5wdFwvd3AtY29udGVudFwvdXBsb2Fkc1wvMjAyNVwvMTFcL0FyY29zLWRlLVZhbGRldmV6LWhpZ2gtcmVzLTE3MS5qcGcifQ%3D%3D\">\n\t\t\t\t\t\t\t<img decoding=\"async\" src=\"https:\/\/valedovez.pt\/wp-content\/uploads\/elementor\/thumbs\/Arcos-de-Valdevez-high-res-171-rfa7quszwgkm0j9wc9k6538g3zeyuuitg7qht4ves8.jpg\" title=\"Arcos de Valdevez (high res) - 17(1)\" alt=\"Arcos de Valdevez (high res) - 17(1)\" loading=\"lazy\" \/>\t\t\t\t\t\t\t\t<\/a>\n\t\t\t\t\t\t\t\t\t\t\t\t\t\t\t<\/div>\n\t\t\t\t<\/div>\n\t\t\t\t\t\t\t\t<\/div>\r\n\t\t\t\t\t\t\t\t\t\t\t<div class=\"swiper-slide\" data-slide=\"5\" role=\"group\" aria-roledescription=\"slide\" aria-label=\"5 of 6\">\r\n\t\t\t\t\t\t\t<div class=\"elementor-element elementor-element-48ac602b e-con-full e-flex e-con e-child\" data-id=\"48ac602b\" data-element_type=\"container\">\n\t\t\t\t<div class=\"elementor-element elementor-element-4410fcd1 elementor-widget elementor-widget-image\" data-id=\"4410fcd1\" data-element_type=\"widget\" data-widget_type=\"image.default\">\n\t\t\t\t\t\t\t\t\t\t\t\t\t\t\t\t<a href=\"https:\/\/valedovez.pt\/wp-content\/uploads\/2025\/11\/Arcos-de-Valdevez-high-res-301.jpg\" data-elementor-open-lightbox=\"yes\" data-elementor-lightbox-title=\"Arcos de Valdevez (high res) - 30(1)\" data-e-action-hash=\"#elementor-action%3Aaction%3Dlightbox%26settings%3DeyJpZCI6MjM3MCwidXJsIjoiaHR0cHM6XC9cL3ZhbGVkb3Zlei5wdFwvd3AtY29udGVudFwvdXBsb2Fkc1wvMjAyNVwvMTFcL0FyY29zLWRlLVZhbGRldmV6LWhpZ2gtcmVzLTMwMS5qcGcifQ%3D%3D\">\n\t\t\t\t\t\t\t<img decoding=\"async\" src=\"https:\/\/valedovez.pt\/wp-content\/uploads\/elementor\/thumbs\/Arcos-de-Valdevez-high-res-301-rfa7tq78s8fb6oe9w4uu3tz3j50c041dj00qgrz8k0.jpg\" title=\"Arcos de Valdevez (high res) - 30(1)\" alt=\"Arcos de Valdevez (high res) - 30(1)\" loading=\"lazy\" \/>\t\t\t\t\t\t\t\t<\/a>\n\t\t\t\t\t\t\t\t\t\t\t\t\t\t\t<\/div>\n\t\t\t\t<\/div>\n\t\t\t\t\t\t\t\t<\/div>\r\n\t\t\t\t\t\t\t\t\t\t\t<div class=\"swiper-slide\" data-slide=\"6\" role=\"group\" aria-roledescription=\"slide\" aria-label=\"6 of 6\">\r\n\t\t\t\t\t\t\t<div class=\"elementor-element elementor-element-23c93ad1 e-con-full e-flex e-con e-child\" data-id=\"23c93ad1\" data-element_type=\"container\">\n\t\t\t\t<div class=\"elementor-element elementor-element-67ea7e93 elementor-widget elementor-widget-image\" data-id=\"67ea7e93\" data-element_type=\"widget\" data-widget_type=\"image.default\">\n\t\t\t\t\t\t\t\t\t\t\t\t\t\t\t\t<a href=\"https:\/\/valedovez.pt\/wp-content\/uploads\/2025\/11\/Arcos-de-Valdevez-high-res-401.jpg\" data-elementor-open-lightbox=\"yes\" data-elementor-lightbox-title=\"Arcos de Valdevez (high res) - 40(1)\" data-e-action-hash=\"#elementor-action%3Aaction%3Dlightbox%26settings%3DeyJpZCI6MjM3MSwidXJsIjoiaHR0cHM6XC9cL3ZhbGVkb3Zlei5wdFwvd3AtY29udGVudFwvdXBsb2Fkc1wvMjAyNVwvMTFcL0FyY29zLWRlLVZhbGRldmV6LWhpZ2gtcmVzLTQwMS5qcGcifQ%3D%3D\">\n\t\t\t\t\t\t\t<img decoding=\"async\" src=\"https:\/\/valedovez.pt\/wp-content\/uploads\/elementor\/thumbs\/Arcos-de-Valdevez-high-res-401-rfa7uumay41hcvh00hq38kxyzxq4kjdqzzjs8gy6c8.jpg\" title=\"Arcos de Valdevez (high res) - 40(1)\" alt=\"Arcos de Valdevez (high res) - 40(1)\" loading=\"lazy\" \/>\t\t\t\t\t\t\t\t<\/a>\n\t\t\t\t\t\t\t\t\t\t\t\t\t\t\t<\/div>\n\t\t\t\t<\/div>\n\t\t\t\t\t\t\t\t<\/div>\r\n\t\t\t\t\t\t\t\t<\/div>\r\n\t\t<\/div>\r\n\t\t\t\t\t<div class=\"elementor-swiper-button elementor-swiper-button-prev\" role=\"button\" tabindex=\"0\" aria-label=\"Previous\">\r\n\t\t\t\t<svg xmlns=\"http:\/\/www.w3.org\/2000\/svg\" height=\"48px\" viewbox=\"0 -960 960 960\" width=\"48px\" fill=\"#22222\"><path d=\"M396.27-268.38 184.65-480 396.5-691.85l21.77 20.39-175.92 175.92h533.23v30.19H242.35l175.69 175.7-21.77 21.27Z\"><\/path><\/svg>\t\t\t<\/div>\r\n\t\t\t<div class=\"elementor-swiper-button elementor-swiper-button-next\" role=\"button\" tabindex=\"0\" aria-label=\"Next\">\r\n\t\t\t\t<svg xmlns=\"http:\/\/www.w3.org\/2000\/svg\" height=\"48px\" viewbox=\"0 -960 960 960\" width=\"48px\" fill=\"#22222\"><path d=\"m547.23-269.62-21.77-21.26 175.69-175.7h-500v-30.19h500L525.23-672.69 547-693.08l211.85 211.85-211.62 211.61Z\"><\/path><\/svg>\t\t\t<\/div>\r\n\t\t\t\t\t\t<\/div>\n\t\t\t\t<\/div>\n\t\t\t\t<\/div>\n\t\t<div class=\"elementor-element elementor-element-36a54bad e-con-full e-flex e-con e-parent\" data-id=\"36a54bad\" data-element_type=\"container\">\n\t\t<div class=\"elementor-element elementor-element-13dbd5e1 e-grid e-con-full e-con e-child\" data-id=\"13dbd5e1\" data-element_type=\"container\">\n\t\t<div class=\"elementor-element elementor-element-27083118 e-con-full e-flex elementor-invisible e-con e-child\" data-id=\"27083118\" data-element_type=\"container\" data-settings=\"{&quot;animation&quot;:&quot;fadeIn&quot;}\">\n\t\t\t\t<div class=\"elementor-element elementor-element-e5e19bf elementor-widget elementor-widget-heading\" data-id=\"e5e19bf\" data-element_type=\"widget\" data-widget_type=\"heading.default\">\n\t\t\t\t\t<p class=\"elementor-heading-title elementor-size-default\">TODAY AND TOMORROW<\/p>\t\t\t\t<\/div>\n\t\t\t\t<div class=\"elementor-element elementor-element-a0c63e3 elementor-widget__width-initial elementor-widget-mobile__width-inherit elementor-widget elementor-widget-heading\" data-id=\"a0c63e3\" data-element_type=\"widget\" data-widget_type=\"heading.default\">\n\t\t\t\t\t<h2 class=\"elementor-heading-title elementor-size-default\">An apartment ready to welcome you. A nature retreat on the way.<\/h2>\t\t\t\t<\/div>\n\t\t\t\t<\/div>\n\t\t\t\t<div class=\"elementor-element elementor-element-17259f9d elementor-invisible elementor-widget elementor-widget-image\" data-id=\"17259f9d\" data-element_type=\"widget\" data-settings=\"{&quot;_animation&quot;:&quot;fadeIn&quot;}\" data-widget_type=\"image.default\">\n\t\t\t\t\t\t\t\t\t\t\t\t\t\t\t<img loading=\"lazy\" decoding=\"async\" width=\"768\" height=\"512\" src=\"https:\/\/valedovez.pt\/wp-content\/uploads\/2025\/11\/Arcos-de-Valdevez-high-res-311-768x512.jpg\" class=\"attachment-medium_large size-medium_large wp-image-2297\" alt=\"\" srcset=\"https:\/\/valedovez.pt\/wp-content\/uploads\/2025\/11\/Arcos-de-Valdevez-high-res-311-768x512.jpg 768w, https:\/\/valedovez.pt\/wp-content\/uploads\/2025\/11\/Arcos-de-Valdevez-high-res-311-300x200.jpg 300w, https:\/\/valedovez.pt\/wp-content\/uploads\/2025\/11\/Arcos-de-Valdevez-high-res-311.jpg 1000w\" sizes=\"auto, (max-width: 768px) 100vw, 768px\" \/>\t\t\t\t\t\t\t\t\t\t\t\t\t\t\t<\/div>\n\t\t<div class=\"elementor-element elementor-element-65017091 e-con-full e-flex elementor-invisible e-con e-child\" data-id=\"65017091\" data-element_type=\"container\" data-settings=\"{&quot;animation&quot;:&quot;fadeIn&quot;,&quot;animation_delay&quot;:0}\">\n\t\t<div class=\"elementor-element elementor-element-aa7ce9f e-con-full e-flex e-con e-child\" data-id=\"aa7ce9f\" data-element_type=\"container\">\n\t\t\t\t<div class=\"elementor-element elementor-element-fa758ed elementor-hidden-tablet elementor-hidden-mobile elementor-widget elementor-widget-image\" data-id=\"fa758ed\" data-element_type=\"widget\" data-widget_type=\"image.default\">\n\t\t\t\t\t\t\t\t\t\t\t\t\t\t\t<img loading=\"lazy\" decoding=\"async\" width=\"300\" height=\"200\" src=\"https:\/\/valedovez.pt\/wp-content\/uploads\/2025\/11\/Arcos-de-Valdevez-high-res-501-300x200.jpg\" class=\"attachment-medium size-medium wp-image-2369\" alt=\"\" srcset=\"https:\/\/valedovez.pt\/wp-content\/uploads\/2025\/11\/Arcos-de-Valdevez-high-res-501-300x200.jpg 300w, https:\/\/valedovez.pt\/wp-content\/uploads\/2025\/11\/Arcos-de-Valdevez-high-res-501-768x512.jpg 768w, https:\/\/valedovez.pt\/wp-content\/uploads\/2025\/11\/Arcos-de-Valdevez-high-res-501.jpg 1000w\" sizes=\"auto, (max-width: 300px) 100vw, 300px\" \/>\t\t\t\t\t\t\t\t\t\t\t\t\t\t\t<\/div>\n\t\t\t\t<\/div>\n\t\t<div class=\"elementor-element elementor-element-6d970d4 e-con-full e-flex e-con e-child\" data-id=\"6d970d4\" data-element_type=\"container\">\n\t\t\t\t<div class=\"elementor-element elementor-element-5e59bfa6 elementor-widget__width-initial elementor-widget elementor-widget-text-editor\" data-id=\"5e59bfa6\" data-element_type=\"widget\" data-widget_type=\"text-editor.default\">\n\t\t\t\t\t\t\t\t\t<p data-start=\"2470\" data-end=\"2674\">A Minho destination with a life of its own, festivals, trails and its own rhythm, between the center and nature.<\/p><p data-start=\"2470\" data-end=\"2674\">\u00a0<\/p><p data-start=\"2676\" data-end=\"2849\">Here you'll feel like you've arrived at a Portuguese home ready to welcome you.<\/p>\t\t\t\t\t\t\t\t<\/div>\n\t\t\t\t<div class=\"elementor-element elementor-element-250987d elementor-align-right elementor-widget elementor-widget-button\" data-id=\"250987d\" data-element_type=\"widget\" data-widget_type=\"button.default\">\n\t\t\t\t\t\t\t\t\t\t<a class=\"elementor-button elementor-button-link elementor-size-sm\" href=\"https:\/\/valedovez.pt\/en\/accommodation\/\">\n\t\t\t\t\t\t<span class=\"elementor-button-content-wrapper\">\n\t\t\t\t\t\t\t\t\t<span class=\"elementor-button-text\">Getting to know the accommodation<\/span>\n\t\t\t\t\t<\/span>\n\t\t\t\t\t<\/a>\n\t\t\t\t\t\t\t\t<\/div>\n\t\t\t\t<\/div>\n\t\t\t\t<\/div>\n\t\t\t\t<\/div>\n\t\t\t\t<\/div>\n\t\t\t\t<\/div>","protected":false},"excerpt":{"rendered":"<p>Conhe\u00e7a a nossa Hist\u00f3ria COMO NASCEU O VALE DO VEZ Duas casas de fam\u00edlia transformadas em estadias tranquilas. O Vale do Vez nasce da vontade de dar nova vida a duas casas de Arcos de Valdevez: um apartamento no centro hist\u00f3rico e uma moradia na zona alta da vila. \u00a0 Em vez de apartamentos an\u00f3nimos, [&hellip;]<\/p>","protected":false},"author":1,"featured_media":0,"parent":0,"menu_order":0,"comment_status":"closed","ping_status":"closed","template":"","meta":{"footnotes":""},"class_list":["post-801","page","type-page","status-publish","hentry"],"_links":{"self":[{"href":"https:\/\/valedovez.pt\/en\/wp-json\/wp\/v2\/pages\/801","targetHints":{"allow":["GET"]}}],"collection":[{"href":"https:\/\/valedovez.pt\/en\/wp-json\/wp\/v2\/pages"}],"about":[{"href":"https:\/\/valedovez.pt\/en\/wp-json\/wp\/v2\/types\/page"}],"author":[{"embeddable":true,"href":"https:\/\/valedovez.pt\/en\/wp-json\/wp\/v2\/users\/1"}],"replies":[{"embeddable":true,"href":"https:\/\/valedovez.pt\/en\/wp-json\/wp\/v2\/comments?post=801"}],"version-history":[{"count":0,"href":"https:\/\/valedovez.pt\/en\/wp-json\/wp\/v2\/pages\/801\/revisions"}],"wp:attachment":[{"href":"https:\/\/valedovez.pt\/en\/wp-json\/wp\/v2\/media?parent=801"}],"curies":[{"name":"wp","href":"https:\/\/api.w.org\/{rel}","templated":true}]}}